{"id":109,"date":"2025-12-07T23:07:08","date_gmt":"2025-12-07T23:07:08","guid":{"rendered":"https:\/\/dr.iraki.org\/?page_id=109"},"modified":"2025-12-08T14:38:51","modified_gmt":"2025-12-08T14:38:51","slug":"impressum","status":"publish","type":"page","link":"https:\/\/dr.iraki.org\/en\/impressum\/","title":{"rendered":"imprint"},"content":{"rendered":"<style>.kb-row-layout-id109_7bbaae-0a > .kt-row-column-wrap{align-content:center;}:where(.kb-row-layout-id109_7bbaae-0a > .kt-row-column-wrap) > .wp-block-kadence-column{justify-content:center;}.kb-row-layout-id109_7bbaae-0a > .kt-row-column-wrap{column-gap:var(--global-kb-gap-md, 2rem);row-gap:var(--global-kb-gap-md, 2rem);max-width:600px;margin-left:auto;margin-right:auto;padding-top:var(--global-kb-spacing-xxl, 5rem);padding-right:var(--global-kb-spacing-xxs, 0.5rem);padding-bottom:var(--global-kb-spacing-md, 2rem);padding-left:var(--global-kb-spacing-xxs, 0.5rem);grid-template-columns:minmax(0, 1fr);}.kb-row-layout-id109_7bbaae-0a > .kt-row-layout-overlay{opacity:0.30;}.kb-row-layout-id109_7bbaae-0a .kt-row-layout-bottom-sep{height:100px;}.kb-row-layout-id109_7bbaae-0a .kt-row-layout-bottom-sep svg{width:100%;}.kb-row-layout-id109_7bbaae-0a .kt-row-layout-bottom-sep svg{fill:#ffffff!important;}.kb-row-layout-id109_7bbaae-0a .kt-row-layout-top-sep{height:70px;}.kb-row-layout-id109_7bbaae-0a .kt-row-layout-top-sep svg{width:100%;}.kb-row-layout-id109_7bbaae-0a .kt-row-layout-top-sep svg{fill:var(--global-palette9, #ffffff)!important;}@media all and (max-width: 1024px){.kb-row-layout-id109_7bbaae-0a > .kt-row-column-wrap{grid-template-columns:minmax(0, 1fr);}}@media all and (max-width: 1024px){.kb-row-layout-id109_7bbaae-0a .kt-row-layout-bottom-sep{height:px;}}@media all and (max-width: 1024px){.kb-row-layout-id109_7bbaae-0a .kt-row-layout-bottom-sep svg{width:%;}}@media all and (max-width: 767px){.kb-row-layout-id109_7bbaae-0a > .kt-row-column-wrap{grid-template-columns:minmax(0, 1fr);}.kb-row-layout-id109_7bbaae-0a .kt-row-layout-bottom-sep{height:px;}.kb-row-layout-id109_7bbaae-0a .kt-row-layout-bottom-sep svg{width:%;}}<\/style><div class=\"kb-row-layout-wrap kb-row-layout-id109_7bbaae-0a alignfull has-theme-palette8-background-color kt-row-has-bg wp-block-kadence-rowlayout\"><div class=\"kt-row-layout-top-sep kt-row-sep-type-sltr\"><svg viewbox=\"0 0 1000 100\" preserveaspectratio=\"none\"><path d=\"M0,0l1000,100l-1000,0l0,-100Z\" \/><\/svg><\/div><div class=\"kt-row-column-wrap kt-has-1-columns kt-row-layout-equal kt-tab-layout-inherit kt-mobile-layout-row kt-row-valign-middle\">\n<style>.kadence-column109_1a70a9-00 > .kt-inside-inner-col,.kadence-column109_1a70a9-00 > .kt-inside-inner-col:before{border-top-left-radius:0px;border-top-right-radius:0px;border-bottom-right-radius:0px;border-bottom-left-radius:0px;}.kadence-column109_1a70a9-00 > .kt-inside-inner-col{column-gap:var(--global-kb-gap-sm, 1rem);}.kadence-column109_1a70a9-00 > .kt-inside-inner-col{flex-direction:column;}.kadence-column109_1a70a9-00 > .kt-inside-inner-col > .aligncenter{width:100%;}.kadence-column109_1a70a9-00 > .kt-inside-inner-col:before{opacity:0.3;}.kadence-column109_1a70a9-00{position:relative;}@media all and (max-width: 1024px){.kadence-column109_1a70a9-00 > .kt-inside-inner-col{flex-direction:column;justify-content:center;}}@media all and (max-width: 767px){.kadence-column109_1a70a9-00 > .kt-inside-inner-col{flex-direction:column;justify-content:center;}}<\/style>\n<div class=\"wp-block-kadence-column kadence-column109_1a70a9-00\"><div class=\"kt-inside-inner-col\"><\/div><\/div>\n\n<\/div><\/div>\n\n<style>.kb-row-layout-wrap.wp-block-kadence-rowlayout.kb-row-layout-id109_791221-ee{margin-bottom:0px;}.kb-row-layout-id109_791221-ee > .kt-row-column-wrap{align-content:start;}:where(.kb-row-layout-id109_791221-ee > .kt-row-column-wrap) > .wp-block-kadence-column{justify-content:start;}.kb-row-layout-id109_791221-ee > .kt-row-column-wrap{column-gap:var(--global-kb-gap-md, 2rem);row-gap:var(--global-kb-gap-md, 2rem);max-width:var( --global-content-width, 1290px );padding-left:var(--global-content-edge-padding);padding-right:var(--global-content-edge-padding);grid-template-columns:minmax(0, 1fr);}.kb-row-layout-id109_791221-ee > .kt-row-layout-overlay{opacity:0.30;}@media all and (max-width: 1024px){.kb-row-layout-id109_791221-ee > .kt-row-column-wrap{grid-template-columns:minmax(0, 1fr);}}@media all and (max-width: 767px){.kb-row-layout-id109_791221-ee > .kt-row-column-wrap{grid-template-columns:minmax(0, 1fr);}}<\/style><div class=\"kb-row-layout-wrap kb-row-layout-id109_791221-ee alignfull has-theme-palette8-background-color kt-row-has-bg wp-block-kadence-rowlayout\"><div class=\"kt-row-column-wrap kt-has-1-columns kt-row-layout-equal kt-tab-layout-inherit kt-mobile-layout-row kt-row-valign-top kb-theme-content-width\">\n<style>.kadence-column109_e36e0e-77 > .kt-inside-inner-col,.kadence-column109_e36e0e-77 > .kt-inside-inner-col:before{border-top-left-radius:0px;border-top-right-radius:0px;border-bottom-right-radius:0px;border-bottom-left-radius:0px;}.kadence-column109_e36e0e-77 > .kt-inside-inner-col{column-gap:var(--global-kb-gap-sm, 1rem);}.kadence-column109_e36e0e-77 > .kt-inside-inner-col{flex-direction:column;}.kadence-column109_e36e0e-77 > .kt-inside-inner-col > .aligncenter{width:100%;}.kadence-column109_e36e0e-77 > .kt-inside-inner-col:before{opacity:0.3;}.kadence-column109_e36e0e-77{position:relative;}.kadence-column109_e36e0e-77, .kt-inside-inner-col > .kadence-column109_e36e0e-77:not(.specificity){margin-top:0px;margin-right:0px;}@media all and (max-width: 1024px){.kadence-column109_e36e0e-77 > .kt-inside-inner-col{flex-direction:column;justify-content:center;}}@media all and (max-width: 767px){.kadence-column109_e36e0e-77 > .kt-inside-inner-col{flex-direction:column;justify-content:center;}}<\/style>\n<div class=\"wp-block-kadence-column kadence-column109_e36e0e-77 inner-column-1\"><div class=\"kt-inside-inner-col\"><style>.wp-block-kadence-advancedheading.kt-adv-heading109_c01364-cb, .wp-block-kadence-advancedheading.kt-adv-heading109_c01364-cb[data-kb-block=\"kb-adv-heading109_c01364-cb\"]{margin-bottom:35px;text-align:center;font-size:var(--global-kb-font-size-lg, 2rem);line-height:1em;font-weight:normal;font-style:normal;}.wp-block-kadence-advancedheading.kt-adv-heading109_c01364-cb mark.kt-highlight, .wp-block-kadence-advancedheading.kt-adv-heading109_c01364-cb[data-kb-block=\"kb-adv-heading109_c01364-cb\"] mark.kt-highlight{font-weight:normal;font-style:normal;color:#f76a0c;-webkit-box-decoration-break:clone;box-decoration-break:clone;padding-top:0px;padding-right:0px;padding-bottom:0px;padding-left:0px;}<\/style>\n<h2 class=\"kt-adv-heading109_c01364-cb wp-block-kadence-advancedheading has-theme-palette-3-color has-text-color\" data-kb-block=\"kb-adv-heading109_c01364-cb\">Dr. med. Ali Iraki<br><strong>Private Urological Practice<\/strong><br><\/h2>\n<\/div><\/div>\n\n\n<style>.kadence-column109_756a32-4a > .kt-inside-inner-col,.kadence-column109_756a32-4a > .kt-inside-inner-col:before{border-top-left-radius:0px;border-top-right-radius:0px;border-bottom-right-radius:0px;border-bottom-left-radius:0px;}.kadence-column109_756a32-4a > .kt-inside-inner-col{column-gap:var(--global-kb-gap-sm, 1rem);}.kadence-column109_756a32-4a > .kt-inside-inner-col{flex-direction:column;}.kadence-column109_756a32-4a > .kt-inside-inner-col > .aligncenter{width:100%;}.kadence-column109_756a32-4a > .kt-inside-inner-col:before{opacity:0.3;}.kadence-column109_756a32-4a{position:relative;}@media all and (max-width: 1024px){.kadence-column109_756a32-4a > .kt-inside-inner-col{flex-direction:column;justify-content:center;}}@media all and (max-width: 767px){.kadence-column109_756a32-4a > .kt-inside-inner-col{flex-direction:column;justify-content:center;}}<\/style>\n<div class=\"wp-block-kadence-column kadence-column109_756a32-4a\"><div class=\"kt-inside-inner-col\"><style>.kb-row-layout-id109_13beb5-81 > .kt-row-column-wrap{align-content:start;}:where(.kb-row-layout-id109_13beb5-81 > .kt-row-column-wrap) > .wp-block-kadence-column{justify-content:start;}.kb-row-layout-id109_13beb5-81 > .kt-row-column-wrap{column-gap:var(--global-kb-gap-lg, 4rem);row-gap:var(--global-kb-gap-md, 2rem);padding-bottom:var(--global-kb-spacing-sm, 1.5rem);grid-template-columns:repeat(2, minmax(0, 1fr));}.kb-row-layout-id109_13beb5-81 > .kt-row-layout-overlay{opacity:0.30;}@media all and (max-width: 1024px){.kb-row-layout-id109_13beb5-81 > .kt-row-column-wrap{grid-template-columns:repeat(2, minmax(0, 1fr));}}@media all and (max-width: 767px){.kb-row-layout-id109_13beb5-81 > .kt-row-column-wrap{grid-template-columns:minmax(0, 1fr);}}<\/style><div class=\"kb-row-layout-wrap kb-row-layout-id109_13beb5-81 alignnone wp-block-kadence-rowlayout\"><div class=\"kt-row-column-wrap kt-has-2-columns kt-row-layout-equal kt-tab-layout-inherit kt-mobile-layout-row kt-row-valign-top\">\n<style>.kadence-column109_7de990-1f > .kt-inside-inner-col,.kadence-column109_7de990-1f > .kt-inside-inner-col:before{border-top-left-radius:0px;border-top-right-radius:0px;border-bottom-right-radius:0px;border-bottom-left-radius:0px;}.kadence-column109_7de990-1f > .kt-inside-inner-col{column-gap:var(--global-kb-gap-sm, 1rem);}.kadence-column109_7de990-1f > .kt-inside-inner-col{flex-direction:column;}.kadence-column109_7de990-1f > .kt-inside-inner-col > .aligncenter{width:100%;}.kadence-column109_7de990-1f > .kt-inside-inner-col:before{opacity:0.3;}.kadence-column109_7de990-1f{position:relative;}@media all and (max-width: 1024px){.kadence-column109_7de990-1f > .kt-inside-inner-col{flex-direction:column;justify-content:center;}}@media all and (max-width: 767px){.kadence-column109_7de990-1f > .kt-inside-inner-col{flex-direction:column;justify-content:center;}}<\/style>\n<div class=\"wp-block-kadence-column kadence-column109_7de990-1f\"><div class=\"kt-inside-inner-col\"><style>.wp-block-kadence-iconlist.kt-svg-icon-list-items109_0f1828-e1:not(.this-stops-third-party-issues){margin-top:0px;margin-bottom:0px;}.wp-block-kadence-iconlist.kt-svg-icon-list-items109_0f1828-e1 ul.kt-svg-icon-list:not(.this-prevents-issues):not(.this-stops-third-party-issues):not(.tijsloc){margin-top:0px;margin-right:0px;margin-bottom:var(--global-kb-spacing-sm, 1.5rem);margin-left:0px;}.wp-block-kadence-iconlist.kt-svg-icon-list-items109_0f1828-e1 ul.kt-svg-icon-list{grid-row-gap:5px;}.wp-block-kadence-iconlist.kt-svg-icon-list-items109_0f1828-e1 ul.kt-svg-icon-list .kt-svg-icon-list-item-wrap .kt-svg-icon-list-single{margin-right:10px;}.kt-svg-icon-list-items109_0f1828-e1 ul.kt-svg-icon-list .kt-svg-icon-list-level-0 .kt-svg-icon-list-single svg{font-size:20px;}<\/style>\n<div class=\"wp-block-kadence-iconlist kt-svg-icon-list-items kt-svg-icon-list-items109_0f1828-e1 kt-svg-icon-list-columns-1 alignnone\"><ul class=\"kt-svg-icon-list\"><style>.kt-svg-icon-list-item-109_9a4142-91 .kt-svg-icon-list-text mark.kt-highlight{background-color:unset;font-style:normal;color:#f76a0c;-webkit-box-decoration-break:clone;box-decoration-break:clone;padding-top:0px;padding-right:0px;padding-bottom:0px;padding-left:0px;}<\/style>\n<li class=\"wp-block-kadence-listitem kt-svg-icon-list-item-wrap kt-svg-icon-list-item-109_9a4142-91\"><span class=\"kb-svg-icon-wrap kb-svg-icon-fe_mapPin kt-svg-icon-list-single\"><svg viewbox=\"0 0 24 24\"  fill=\"none\" stroke=\"currentColor\" stroke-width=\"2\" stroke-linecap=\"round\" stroke-linejoin=\"round\" xmlns=\"http:\/\/www.w3.org\/2000\/svg\"  role=\"img\"><title>Karl-Tauchnitz-Str. 7, 04107, Leipzig<\/title><path d=\"M21 10c0 7-9 13-9 13s-9-6-9-13a9 9 0 0 1 18 0z\"\/><circle cx=\"12\" cy=\"10\" r=\"3\"\/><\/svg><\/span><span class=\"kt-svg-icon-list-text\">Karl-Tauchnitz-Str. 7, 04107, Leipzig<\/span><\/li>\n\n\n<style>.kt-svg-icon-list-item-109_2936a0-8b .kt-svg-icon-list-text mark.kt-highlight{background-color:unset;font-style:normal;color:#f76a0c;-webkit-box-decoration-break:clone;box-decoration-break:clone;padding-top:0px;padding-right:0px;padding-bottom:0px;padding-left:0px;}<\/style>\n<li class=\"wp-block-kadence-listitem kt-svg-icon-list-item-wrap kt-svg-icon-list-item-109_2936a0-8b\"><span class=\"kb-svg-icon-wrap kb-svg-icon-kb_email-outline kt-svg-icon-list-single\"><svg viewbox=\"0 0 24 24\"  fill=\"currentColor\" xmlns=\"http:\/\/www.w3.org\/2000\/svg\"  aria-hidden=\"true\"><path d=\"M20 4H4c-1.1 0-2 .9-2 2v12c0 1.1.9 2 2 2h16c1.1 0 2-.9 2-2V6c0-1.1-.9-2-2-2zm0 14H4V8l8 5 8-5v10zm-8-7L4 6h16l-8 5z\"\/><\/svg><\/span><span class=\"kt-svg-icon-list-text\"><a href=\"mailto:rr-iraki@t-online.de\">dr-iraki@t-online.de<\/a><\/span><\/li>\n\n\n<style>.kt-svg-icon-list-item-109_9c825e-9e .kt-svg-icon-list-text mark.kt-highlight{background-color:unset;font-style:normal;color:#f76a0c;-webkit-box-decoration-break:clone;box-decoration-break:clone;padding-top:0px;padding-right:0px;padding-bottom:0px;padding-left:0px;}<\/style>\n<li class=\"wp-block-kadence-listitem kt-svg-icon-list-item-wrap kt-svg-icon-list-item-109_9c825e-9e\"><span class=\"kb-svg-icon-wrap kb-svg-icon-fe_globe kt-svg-icon-list-single\"><svg viewbox=\"0 0 24 24\"  fill=\"none\" stroke=\"currentColor\" stroke-width=\"2\" stroke-linecap=\"round\" stroke-linejoin=\"round\" xmlns=\"http:\/\/www.w3.org\/2000\/svg\"  role=\"img\"><title>www.Dr-Iraki.de<\/title><circle cx=\"12\" cy=\"12\" r=\"10\"\/><line x1=\"2\" y1=\"12\" x2=\"22\" y2=\"12\"\/><path d=\"M12 2a15.3 15.3 0 0 1 4 10 15.3 15.3 0 0 1-4 10 15.3 15.3 0 0 1-4-10 15.3 15.3 0 0 1 4-10z\"\/><\/svg><\/span><span class=\"kt-svg-icon-list-text\"><a href=\"https:\/\/www.dr-iraki.com\/\">www.Dr-Iraki.de<\/a><\/span><\/li>\n<\/ul><\/div>\n<\/div><\/div>\n\n\n<style>.kadence-column109_bb5962-d7 > .kt-inside-inner-col,.kadence-column109_bb5962-d7 > .kt-inside-inner-col:before{border-top-left-radius:0px;border-top-right-radius:0px;border-bottom-right-radius:0px;border-bottom-left-radius:0px;}.kadence-column109_bb5962-d7 > .kt-inside-inner-col{column-gap:var(--global-kb-gap-sm, 1rem);}.kadence-column109_bb5962-d7 > .kt-inside-inner-col{flex-direction:column;}.kadence-column109_bb5962-d7 > .kt-inside-inner-col > .aligncenter{width:100%;}.kadence-column109_bb5962-d7 > .kt-inside-inner-col:before{opacity:0.3;}.kadence-column109_bb5962-d7{position:relative;}@media all and (max-width: 1024px){.kadence-column109_bb5962-d7 > .kt-inside-inner-col{flex-direction:column;justify-content:center;}}@media all and (max-width: 767px){.kadence-column109_bb5962-d7 > .kt-inside-inner-col{flex-direction:column;justify-content:center;}}<\/style>\n<div class=\"wp-block-kadence-column kadence-column109_bb5962-d7\"><div class=\"kt-inside-inner-col\"><style>.wp-block-kadence-iconlist.kt-svg-icon-list-items109_e16c9c-00:not(.this-stops-third-party-issues){margin-top:0px;margin-bottom:0px;}.wp-block-kadence-iconlist.kt-svg-icon-list-items109_e16c9c-00 ul.kt-svg-icon-list:not(.this-prevents-issues):not(.this-stops-third-party-issues):not(.tijsloc){margin-top:0px;margin-right:0px;margin-bottom:var(--global-kb-spacing-sm, 1.5rem);margin-left:0px;}.wp-block-kadence-iconlist.kt-svg-icon-list-items109_e16c9c-00 ul.kt-svg-icon-list{grid-row-gap:5px;}.wp-block-kadence-iconlist.kt-svg-icon-list-items109_e16c9c-00 ul.kt-svg-icon-list .kt-svg-icon-list-item-wrap .kt-svg-icon-list-single{margin-right:10px;}.kt-svg-icon-list-items109_e16c9c-00 ul.kt-svg-icon-list .kt-svg-icon-list-level-0 .kt-svg-icon-list-single svg{font-size:20px;}<\/style>\n<div class=\"wp-block-kadence-iconlist kt-svg-icon-list-items kt-svg-icon-list-items109_e16c9c-00 kt-svg-icon-list-columns-1 alignnone\"><ul class=\"kt-svg-icon-list\"><style>.kt-svg-icon-list-item-109_61e49a-da .kt-svg-icon-list-text mark.kt-highlight{background-color:unset;font-style:normal;color:#f76a0c;-webkit-box-decoration-break:clone;box-decoration-break:clone;padding-top:0px;padding-right:0px;padding-bottom:0px;padding-left:0px;}<\/style>\n<li class=\"wp-block-kadence-listitem kt-svg-icon-list-item-wrap kt-svg-icon-list-item-109_61e49a-da\"><span class=\"kb-svg-icon-wrap kb-svg-icon-fe_phoneCall kt-svg-icon-list-single\"><svg viewbox=\"0 0 24 24\"  fill=\"none\" stroke=\"currentColor\" stroke-width=\"2\" stroke-linecap=\"round\" stroke-linejoin=\"round\" xmlns=\"http:\/\/www.w3.org\/2000\/svg\"  role=\"img\"><title>Karl-Tauchnitz-Str. 7, 04107, Leipzig<\/title><path d=\"M15.05 5A5 5 0 0 1 19 8.95M15.05 1A9 9 0 0 1 23 8.94m-1 7.98v3a2 2 0 0 1-2.18 2 19.79 19.79 0 0 1-8.63-3.07 19.5 19.5 0 0 1-6-6 19.79 19.79 0 0 1-3.07-8.67A2 2 0 0 1 4.11 2h3a2 2 0 0 1 2 1.72 12.84 12.84 0 0 0 .7 2.81 2 2 0 0 1-.45 2.11L8.09 9.91a16 16 0 0 0 6 6l1.27-1.27a2 2 0 0 1 2.11-.45 12.84 12.84 0 0 0 2.81.7A2 2 0 0 1 22 16.92z\"\/><\/svg><\/span><span class=\"kt-svg-icon-list-text\"><a href=\"tel:0341 70 20 1106\">0341 70201106<\/a><\/span><\/li>\n\n\n<style>.kt-svg-icon-list-item-109_61bc34-e8 .kt-svg-icon-list-text mark.kt-highlight{background-color:unset;font-style:normal;color:#f76a0c;-webkit-box-decoration-break:clone;box-decoration-break:clone;padding-top:0px;padding-right:0px;padding-bottom:0px;padding-left:0px;}<\/style>\n<li class=\"wp-block-kadence-listitem kt-svg-icon-list-item-wrap kt-svg-icon-list-item-109_61bc34-e8\"><span class=\"kb-svg-icon-wrap kb-svg-icon-fas_mobile-alt kt-svg-icon-list-single\"><svg viewbox=\"0 0 320 512\"  fill=\"currentColor\" xmlns=\"http:\/\/www.w3.org\/2000\/svg\"  aria-hidden=\"true\"><path d=\"M272 0H48C21.5 0 0 21.5 0 48v416c0 26.5 21.5 48 48 48h224c26.5 0 48-21.5 48-48V48c0-26.5-21.5-48-48-48zM160 480c-17.7 0-32-14.3-32-32s14.3-32 32-32 32 14.3 32 32-14.3 32-32 32zm112-108c0 6.6-5.4 12-12 12H60c-6.6 0-12-5.4-12-12V60c0-6.6 5.4-12 12-12h200c6.6 0 12 5.4 12 12v312z\"\/><\/svg><\/span><span class=\"kt-svg-icon-list-text\"><a href=\"mailto:rr-iraki@t-online.de\"><a href=\"tel:+49(0)1723704873\">+49 (0) 172 3704873<\/a><\/a><\/span><\/li>\n\n\n<style>.kt-svg-icon-list-item-109_68ad9b-9c .kt-svg-icon-list-text mark.kt-highlight{background-color:unset;font-style:normal;color:#f76a0c;-webkit-box-decoration-break:clone;box-decoration-break:clone;padding-top:0px;padding-right:0px;padding-bottom:0px;padding-left:0px;}<\/style>\n<li class=\"wp-block-kadence-listitem kt-svg-icon-list-item-wrap kt-svg-icon-list-item-109_68ad9b-9c\"><span class=\"kb-svg-icon-wrap kb-svg-icon-fas_fax kt-svg-icon-list-single\"><svg viewbox=\"0 0 512 512\"  fill=\"currentColor\" xmlns=\"http:\/\/www.w3.org\/2000\/svg\"  role=\"img\"><title>www.Dr-Iraki.de<\/title><path d=\"M128 144v320c0 26.51-21.49 48-48 48H48c-26.51 0-48-21.49-48-48V144c0-26.51 21.49-48 48-48h32c26.51 0 48 21.49 48 48zm384 64v256c0 26.51-21.49 48-48 48H192c-26.51 0-48-21.49-48-48V40c0-22.091 17.909-40 40-40h207.432a39.996 39.996 0 0 1 28.284 11.716l48.569 48.569A39.999 39.999 0 0 1 480 88.568v74.174c18.641 6.591 32 24.36 32 45.258zm-320-16h240V96h-24c-13.203 0-24-10.797-24-24V48H192v144zm96 204c0-6.627-5.373-12-12-12h-40c-6.627 0-12 5.373-12 12v40c0 6.627 5.373 12 12 12h40c6.627 0 12-5.373 12-12v-40zm0-128c0-6.627-5.373-12-12-12h-40c-6.627 0-12 5.373-12 12v40c0 6.627 5.373 12 12 12h40c6.627 0 12-5.373 12-12v-40zm128 128c0-6.627-5.373-12-12-12h-40c-6.627 0-12 5.373-12 12v40c0 6.627 5.373 12 12 12h40c6.627 0 12-5.373 12-12v-40zm0-128c0-6.627-5.373-12-12-12h-40c-6.627 0-12 5.373-12 12v40c0 6.627 5.373 12 12 12h40c6.627 0 12-5.373 12-12v-40z\"\/><\/svg><\/span><span class=\"kt-svg-icon-list-text\"><a href=\"https:\/\/www.dr-iraki.com\/\">0341 70201112<\/a><\/span><\/li>\n<\/ul><\/div>\n<\/div><\/div>\n\n<\/div><\/div><\/div><\/div>\n\n<\/div><\/div>\n\n<style>.kadence-column109_aa71e9-8d > .kt-inside-inner-col,.kadence-column109_aa71e9-8d > .kt-inside-inner-col:before{border-top-left-radius:0px;border-top-right-radius:0px;border-bottom-right-radius:0px;border-bottom-left-radius:0px;}.kadence-column109_aa71e9-8d > .kt-inside-inner-col{column-gap:var(--global-kb-gap-sm, 1rem);}.kadence-column109_aa71e9-8d > .kt-inside-inner-col{flex-direction:column;}.kadence-column109_aa71e9-8d > .kt-inside-inner-col > .aligncenter{width:100%;}.kadence-column109_aa71e9-8d > .kt-inside-inner-col:before{opacity:0.3;}.kadence-column109_aa71e9-8d{position:relative;}.kadence-column109_aa71e9-8d, .kt-inside-inner-col > .kadence-column109_aa71e9-8d:not(.specificity){margin-top:var(--global-kb-spacing-xs, 1rem);}@media all and (max-width: 1024px){.kadence-column109_aa71e9-8d > .kt-inside-inner-col{flex-direction:column;justify-content:center;}}@media all and (max-width: 767px){.kadence-column109_aa71e9-8d > .kt-inside-inner-col{flex-direction:column;justify-content:center;}}<\/style>\n<div class=\"wp-block-kadence-column kadence-column109_aa71e9-8d\"><div class=\"kt-inside-inner-col\">\n<p><strong>Competent supervisory authority:<\/strong><br>Public corporation Saxon Medical Association Sch\u00fctzenh\u00f6he 16 01099 Dresden<\/p>\n\n\n\n<p><strong>Legal professional title:<\/strong><br>The professional title of physician and specialist in urology was awarded in Germany (Saxony).<\/p>\n\n\n\n<p><strong>Disclaimer:<\/strong><br>We assume no liability for the content of external links.<br><strong>Responsible for content: Dr. med. Ali Iraki<\/strong><\/p>\n<\/div><\/div>\n\n\n\n<p><\/p>","protected":false},"excerpt":{"rendered":"<p>Dr. med. Ali IrakiUrologische Privat\u00e4rztliche Praxis Zust\u00e4ndige Aufsichtsbeh\u00f6rde:K\u00f6rperschaft des \u00f6ffentlichen Rechts S\u00e4chsische \u00c4rztekammer Sch\u00fctzenh\u00f6he 1601099 Dresden Gesetzliche Beruftsbezeichung:Die Berufsbezeichnung Arzt und Facharzt f\u00fcr Urologie wurde in Deutschland (Sachsen) verliehen. Haftungsausschluss:F\u00fcr die Inhalte externer Links wird keine Haftung \u00fcbernommen.Inhaltlich Verantwortlicher : Dr. med. Ali Iraki<\/p>","protected":false},"author":2,"featured_media":0,"parent":0,"menu_order":0,"comment_status":"closed","ping_status":"closed","template":"","meta":{"_kad_blocks_custom_css":"","_kad_blocks_head_custom_js":"","_kad_blocks_body_custom_js":"","_kad_blocks_footer_custom_js":"","_kadence_starter_templates_imported_post":false,"_kad_post_transparent":"","_kad_post_title":"","_kad_post_layout":"","_kad_post_sidebar_id":"","_kad_post_content_style":"","_kad_post_vertical_padding":"","_kad_post_feature":"","_kad_post_feature_position":"","_kad_post_header":false,"_kad_post_footer":false,"_kad_post_classname":"","footnotes":""},"class_list":["post-109","page","type-page","status-publish","hentry"],"taxonomy_info":[],"featured_image_src_large":false,"author_info":{"display_name":"Dr Ali Iraki","author_link":"https:\/\/dr.iraki.org\/en\/author\/dr_admin\/"},"comment_info":0,"_links":{"self":[{"href":"https:\/\/dr.iraki.org\/en\/wp-json\/wp\/v2\/pages\/109","targetHints":{"allow":["GET"]}}],"collection":[{"href":"https:\/\/dr.iraki.org\/en\/wp-json\/wp\/v2\/pages"}],"about":[{"href":"https:\/\/dr.iraki.org\/en\/wp-json\/wp\/v2\/types\/page"}],"author":[{"embeddable":true,"href":"https:\/\/dr.iraki.org\/en\/wp-json\/wp\/v2\/users\/2"}],"replies":[{"embeddable":true,"href":"https:\/\/dr.iraki.org\/en\/wp-json\/wp\/v2\/comments?post=109"}],"version-history":[{"count":5,"href":"https:\/\/dr.iraki.org\/en\/wp-json\/wp\/v2\/pages\/109\/revisions"}],"predecessor-version":[{"id":252,"href":"https:\/\/dr.iraki.org\/en\/wp-json\/wp\/v2\/pages\/109\/revisions\/252"}],"wp:attachment":[{"href":"https:\/\/dr.iraki.org\/en\/wp-json\/wp\/v2\/media?parent=109"}],"curies":[{"name":"wp","href":"https:\/\/api.w.org\/{rel}","templated":true}]}}